{"id":142,"date":"2024-04-23T15:36:11","date_gmt":"2024-04-23T18:36:11","guid":{"rendered":"https:\/\/sentineladaamazonia.com\/?page_id=142"},"modified":"2024-04-23T16:09:35","modified_gmt":"2024-04-23T19:09:35","slug":"cadastro-de-startup","status":"publish","type":"page","link":"https:\/\/sentineladaamazonia.com\/?page_id=142","title":{"rendered":"Cadastro de startup"},"content":{"rendered":"\n<h2 class=\"wp-block-heading\">Cadastro de startup<\/h2>\n\n\n\n<p>Estamos construindo uma plataforma para <strong>divulga\u00e7\u00e3o de produtos e servi\u00e7os que compactuam com o objetivo de manter a floresta em p\u00e9!<\/strong> Caso voc\u00ea queira compartilhar as solu\u00e7\u00f5es que sua empresa oferece com poss\u00edveis clientes, preencha as informa\u00e7\u00f5es abaixo:<\/p>\n\n\n\n<div class=\"wpforms-container wpforms-container-full wpforms-render-modern\" id=\"wpforms-135\"><form id=\"wpforms-form-135\" class=\"wpforms-validate wpforms-form wpforms-ajax-form\" data-formid=\"135\" method=\"post\" enctype=\"multipart\/form-data\" action=\"\/index.php?rest_route=%2Fwp%2Fv2%2Fpages%2F142\" data-token=\"857a1cf1642bca7bbda42307d205a1d5\" data-token-time=\"1776142036\"><noscript class=\"wpforms-error-noscript\">Please enable JavaScript in your browser to complete this form.<\/noscript><div class=\"wpforms-hidden\" id=\"wpforms-error-noscript\">Please enable JavaScript in your browser to complete this form.<\/div><div class=\"wpforms-field-container\"><div id=\"wpforms-135-field_4-container\" class=\"wpforms-field wpforms-field-text\" data-field-id=\"4\"><label class=\"wpforms-field-label\" for=\"wpforms-135-field_4\">Nome do respons\u00e1vel pela startup <span class=\"wpforms-required-label\" aria-hidden=\"true\">*<\/span><\/label><input type=\"text\" id=\"wpforms-135-field_4\" class=\"wpforms-field-medium wpforms-field-required\" name=\"wpforms[fields][4]\" aria-errormessage=\"wpforms-135-field_4-error\" aria-describedby=\"wpforms-135-field_4-description\" required><div id=\"wpforms-135-field_4-description\" class=\"wpforms-field-description\">Caso tenha mais de uma pessoa, separe os nomes por v\u00edrgula. <\/div><\/div><div id=\"wpforms-135-field_1-container\" class=\"wpforms-field wpforms-field-email\" data-field-id=\"1\"><label class=\"wpforms-field-label\" for=\"wpforms-135-field_1\">E-mail para contato <span class=\"wpforms-required-label\" aria-hidden=\"true\">*<\/span><\/label><input type=\"email\" id=\"wpforms-135-field_1\" class=\"wpforms-field-medium wpforms-field-required\" name=\"wpforms[fields][1]\" spellcheck=\"false\" aria-errormessage=\"wpforms-135-field_1-error\" required><\/div><div id=\"wpforms-135-field_2-container\" class=\"wpforms-field wpforms-field-textarea\" data-field-id=\"2\"><label class=\"wpforms-field-label\" for=\"wpforms-135-field_2\">Sobre a startup <span class=\"wpforms-required-label\" aria-hidden=\"true\">*<\/span><\/label><textarea id=\"wpforms-135-field_2\" class=\"wpforms-field-small wpforms-field-required wpforms-limit-characters-enabled\" data-form-id=\"135\" data-field-id=\"2\" data-text-limit=\"2000\" name=\"wpforms[fields][2]\" aria-errormessage=\"wpforms-135-field_2-error\" aria-describedby=\"wpforms-135-field_2-description\" maxlength=\"2000\" required><\/textarea><div id=\"wpforms-135-field_2-description\" class=\"wpforms-field-description\">Vis\u00e3o geral do neg\u00f3cio da empresa<\/div><\/div><div id=\"wpforms-135-field_8-container\" class=\"wpforms-field wpforms-field-textarea\" data-field-id=\"8\"><label class=\"wpforms-field-label\" for=\"wpforms-135-field_8\">Sobre os Produtos\/Servi\u00e7os <span class=\"wpforms-required-label\" aria-hidden=\"true\">*<\/span><\/label><textarea id=\"wpforms-135-field_8\" class=\"wpforms-field-small wpforms-field-required wpforms-limit-characters-enabled\" data-form-id=\"135\" data-field-id=\"8\" data-text-limit=\"1500\" name=\"wpforms[fields][8]\" aria-errormessage=\"wpforms-135-field_8-error\" aria-describedby=\"wpforms-135-field_8-description\" maxlength=\"1500\" required><\/textarea><div id=\"wpforms-135-field_8-description\" class=\"wpforms-field-description\">Descreva as solu\u00e7\u00f5es que sua empresa oferece e os benef\u00edcios obtidos a partir delas.<\/div><\/div><div id=\"wpforms-135-field_7-container\" class=\"wpforms-field wpforms-field-textarea\" data-field-id=\"7\"><label class=\"wpforms-field-label\" for=\"wpforms-135-field_7\">Listagem dos produtos e servi\u00e7os oferecidos <span class=\"wpforms-required-label\" aria-hidden=\"true\">*<\/span><\/label><textarea id=\"wpforms-135-field_7\" class=\"wpforms-field-small wpforms-field-required wpforms-limit-characters-enabled\" data-form-id=\"135\" data-field-id=\"7\" data-text-limit=\"500\" name=\"wpforms[fields][7]\" aria-errormessage=\"wpforms-135-field_7-error\" aria-describedby=\"wpforms-135-field_7-description\" maxlength=\"500\" required><\/textarea><div id=\"wpforms-135-field_7-description\" class=\"wpforms-field-description\">Liste todos os servi\u00e7os\/produtos que sua empresa oferece (separar por virgula. Exemplo: Monitoramento florestal por meio de sat\u00e9lites, Previs\u00e3o de queimandas, Previs\u00e3o de propaga\u00e7\u00e3o de fogo)<\/div><\/div><\/div><!-- .wpforms-field-container --><div class=\"wpforms-submit-container\" ><input type=\"hidden\" name=\"wpforms[id]\" value=\"135\"><input type=\"hidden\" name=\"page_title\" value=\"\"><input type=\"hidden\" name=\"page_url\" value=\"https:\/\/sentineladaamazonia.com\/index.php?rest_route=%2Fwp%2Fv2%2Fpages%2F142\"><button type=\"submit\" name=\"wpforms[submit]\" id=\"wpforms-submit-135\" class=\"wpforms-submit\" data-alt-text=\"Enviando\u2026\" data-submit-text=\"Enviar\" aria-live=\"assertive\" value=\"wpforms-submit\">Enviar<\/button><img loading=\"lazy\" decoding=\"async\" src=\"https:\/\/sentineladaamazonia.com\/wp-content\/plugins\/wpforms-lite\/assets\/images\/submit-spin.svg\" class=\"wpforms-submit-spinner\" style=\"display: none;\" width=\"26\" height=\"26\" alt=\"Loading\"><\/div><\/form><\/div>  <!-- .wpforms-container -->\n","protected":false},"excerpt":{"rendered":"<p>Cadastro de startup Estamos construindo uma plataforma para divulga\u00e7\u00e3o de produtos e servi\u00e7os que compactuam com o objetivo de manter a floresta em p\u00e9! Caso voc\u00ea queira compartilhar as solu\u00e7\u00f5es que sua empresa oferece com poss\u00edveis clientes, preencha as informa\u00e7\u00f5es abaixo:<\/p>\n","protected":false},"author":1,"featured_media":0,"parent":0,"menu_order":0,"comment_status":"closed","ping_status":"closed","template":"","meta":{"om_disable_all_campaigns":false,"_monsterinsights_skip_tracking":false,"_monsterinsights_sitenote_active":false,"_monsterinsights_sitenote_note":"","_monsterinsights_sitenote_category":0,"footnotes":""},"class_list":["post-142","page","type-page","status-publish","hentry"],"aioseo_notices":[],"_links":{"self":[{"href":"https:\/\/sentineladaamazonia.com\/index.php?rest_route=\/wp\/v2\/pages\/142","targetHints":{"allow":["GET"]}}],"collection":[{"href":"https:\/\/sentineladaamazonia.com\/index.php?rest_route=\/wp\/v2\/pages"}],"about":[{"href":"https:\/\/sentineladaamazonia.com\/index.php?rest_route=\/wp\/v2\/types\/page"}],"author":[{"embeddable":true,"href":"https:\/\/sentineladaamazonia.com\/index.php?rest_route=\/wp\/v2\/users\/1"}],"replies":[{"embeddable":true,"href":"https:\/\/sentineladaamazonia.com\/index.php?rest_route=%2Fwp%2Fv2%2Fcomments&post=142"}],"version-history":[{"count":10,"href":"https:\/\/sentineladaamazonia.com\/index.php?rest_route=\/wp\/v2\/pages\/142\/revisions"}],"predecessor-version":[{"id":163,"href":"https:\/\/sentineladaamazonia.com\/index.php?rest_route=\/wp\/v2\/pages\/142\/revisions\/163"}],"wp:attachment":[{"href":"https:\/\/sentineladaamazonia.com\/index.php?rest_route=%2Fwp%2Fv2%2Fmedia&parent=142"}],"curies":[{"name":"wp","href":"https:\/\/api.w.org\/{rel}","templated":true}]}}