{"id":2,"date":"2023-10-12T15:59:37","date_gmt":"2023-10-12T18:59:37","guid":{"rendered":"http:\/\/peachpuff-termite-768005.hostingersite.com\/?page_id=2"},"modified":"2023-11-30T06:11:11","modified_gmt":"2023-11-30T09:11:11","slug":"pagina-exemplo","status":"publish","type":"page","link":"https:\/\/sentineladaamazonia.com\/?page_id=2","title":{"rendered":"Sobre n\u00f3s"},"content":{"rendered":"<h2 class=\"wp-block-post-title\">Sobre n\u00f3s<\/h2>\n\n\n<p>O grupo Sentinela da Amaz\u00f4nia tem como principal prop\u00f3sito contribuir para a preserva\u00e7\u00e3o da Amaz\u00f4nia, concentrando seus esfor\u00e7os na redu\u00e7\u00e3o dos inc\u00eandios florestais. Conscientes de que o aquecimento global agrava a situa\u00e7\u00e3o global, torna-se cada vez mais crucial a implanta\u00e7\u00e3o de iniciativas dedicadas \u00e0 preserva\u00e7\u00e3o e restaura\u00e7\u00e3o do meio ambiente.<\/p>\n\n\n\n<div class=\"wp-block-columns is-layout-flex wp-container-core-columns-is-layout-28f84493 wp-block-columns-is-layout-flex\">\n<div class=\"wp-block-column is-layout-flow wp-block-column-is-layout-flow\">\n<figure class=\"wp-block-image aligncenter size-large\"><img loading=\"lazy\" decoding=\"async\" width=\"683\" height=\"1024\" src=\"https:\/\/sentineladaamazonia.com\/wp-content\/uploads\/2023\/11\/VALE-35-683x1024.jpg\" alt=\"\" class=\"wp-image-91\" srcset=\"https:\/\/sentineladaamazonia.com\/wp-content\/uploads\/2023\/11\/VALE-35-683x1024.jpg 683w, https:\/\/sentineladaamazonia.com\/wp-content\/uploads\/2023\/11\/VALE-35-200x300.jpg 200w, https:\/\/sentineladaamazonia.com\/wp-content\/uploads\/2023\/11\/VALE-35-768x1152.jpg 768w, https:\/\/sentineladaamazonia.com\/wp-content\/uploads\/2023\/11\/VALE-35-1024x1536.jpg 1024w, https:\/\/sentineladaamazonia.com\/wp-content\/uploads\/2023\/11\/VALE-35-1365x2048.jpg 1365w, https:\/\/sentineladaamazonia.com\/wp-content\/uploads\/2023\/11\/VALE-35-scaled.jpg 1707w\" sizes=\"auto, (max-width: 683px) 100vw, 683px\" \/><figcaption class=\"wp-element-caption\">Fundador da Sentinela da Amaz\u00f4nia, Vitor Cirilo Araujo Santos.<br><\/figcaption><\/figure>\n<\/div>\n\n\n\n<div class=\"wp-block-column is-layout-flow wp-block-column-is-layout-flow\">\n<p>O precursor da Sentinela da Amaz\u00f4nia \u00e9 o Pesquisador e Cientista de Dados, Vitor Cirilo Araujo Santos. Vitor possui uma s\u00f3lida forma\u00e7\u00e3o acad\u00eamica, que inclui bacharelado em Sistemas de Informa\u00e7\u00e3o, mestrado em Ci\u00eancia da Computa\u00e7\u00e3o com \u00eanfase em Intelig\u00eancia Artificial (IA), especializa\u00e7\u00e3o em Ci\u00eancia de Dados e Big Data, e est\u00e1 prestes a concluir o doutorado em Ci\u00eancia da Computa\u00e7\u00e3o, com foco em IA. Ao longo de sua trajet\u00f3ria acad\u00eamica, Vitor dedicou mais de dois anos como bolsista PIBIC, participou do S\u00e3o Paulo School of Advanced Science on Learning from Data na USP e obteve uma bolsa de interc\u00e2mbio que lhe permitiu estudar um ano e meio nos Estados Unidos, focando em ingl\u00eas e ci\u00eancia da computa\u00e7\u00e3o.<\/p>\n<\/div>\n<\/div>\n\n\n\n<p>Vitor acumula experi\u00eancia profissional direta e indireta em empresas renomadas, como Vale, Samsung, Fiat, Jeep e iFood. Essa diversidade de experi\u00eancias permitiu que aplicasse suas habilidades de programa\u00e7\u00e3o e ci\u00eancia de dados em \u00e1reas t\u00e3o distintas quanto bioinform\u00e1tica, antifraude, marketing, empreendedorismo e sustentabilidade.<\/p>\n\n\n\n<hr class=\"wp-block-separator has-alpha-channel-opacity\"\/>\n\n\n\n<figure class=\"wp-block-image size-large\"><img loading=\"lazy\" decoding=\"async\" width=\"1024\" height=\"512\" src=\"https:\/\/sentineladaamazonia.com\/wp-content\/uploads\/2023\/11\/Earth-Day-1-1024x512.png\" alt=\"\" class=\"wp-image-129\" srcset=\"https:\/\/sentineladaamazonia.com\/wp-content\/uploads\/2023\/11\/Earth-Day-1-1024x512.png 1024w, https:\/\/sentineladaamazonia.com\/wp-content\/uploads\/2023\/11\/Earth-Day-1-300x150.png 300w, https:\/\/sentineladaamazonia.com\/wp-content\/uploads\/2023\/11\/Earth-Day-1-768x384.png 768w, https:\/\/sentineladaamazonia.com\/wp-content\/uploads\/2023\/11\/Earth-Day-1-1536x768.png 1536w, https:\/\/sentineladaamazonia.com\/wp-content\/uploads\/2023\/11\/Earth-Day-1-2048x1024.png 2048w\" sizes=\"auto, (max-width: 1024px) 100vw, 1024px\" \/><\/figure>\n\n\n\n<blockquote class=\"wp-block-quote is-layout-flow wp-block-quote-is-layout-flow\">\n<p>&#8220;Acredito que todo mundo j\u00e1 sonhou algum dia em fazer algo que seja bom para o mundo. A Sentinela da Amaz\u00f4nia \u00e9 a materializa\u00e7\u00e3o disso para mim.&#8221;<\/p>\n<cite>&#8211; Vitor Cirilo<\/cite><\/blockquote>\n\n\n\n<p><\/p>\n","protected":false},"excerpt":{"rendered":"<p>O grupo Sentinela da Amaz\u00f4nia tem como principal prop\u00f3sito contribuir para a preserva\u00e7\u00e3o da Amaz\u00f4nia, concentrando seus esfor\u00e7os na redu\u00e7\u00e3o dos inc\u00eandios florestais. Conscientes de que o aquecimento global agrava a situa\u00e7\u00e3o global, torna-se cada vez mais crucial a implanta\u00e7\u00e3o de iniciativas dedicadas \u00e0 preserva\u00e7\u00e3o e restaura\u00e7\u00e3o do meio ambiente. O precursor da Sentinela da [&hellip;]<\/p>\n","protected":false},"author":1,"featured_media":0,"parent":0,"menu_order":0,"comment_status":"closed","ping_status":"open","template":"","meta":{"om_disable_all_campaigns":false,"_monsterinsights_skip_tracking":false,"_monsterinsights_sitenote_active":false,"_monsterinsights_sitenote_note":"","_monsterinsights_sitenote_category":0,"footnotes":""},"class_list":["post-2","page","type-page","status-publish","hentry"],"aioseo_notices":[],"_links":{"self":[{"href":"https:\/\/sentineladaamazonia.com\/index.php?rest_route=\/wp\/v2\/pages\/2","targetHints":{"allow":["GET"]}}],"collection":[{"href":"https:\/\/sentineladaamazonia.com\/index.php?rest_route=\/wp\/v2\/pages"}],"about":[{"href":"https:\/\/sentineladaamazonia.com\/index.php?rest_route=\/wp\/v2\/types\/page"}],"author":[{"embeddable":true,"href":"https:\/\/sentineladaamazonia.com\/index.php?rest_route=\/wp\/v2\/users\/1"}],"replies":[{"embeddable":true,"href":"https:\/\/sentineladaamazonia.com\/index.php?rest_route=%2Fwp%2Fv2%2Fcomments&post=2"}],"version-history":[{"count":10,"href":"https:\/\/sentineladaamazonia.com\/index.php?rest_route=\/wp\/v2\/pages\/2\/revisions"}],"predecessor-version":[{"id":130,"href":"https:\/\/sentineladaamazonia.com\/index.php?rest_route=\/wp\/v2\/pages\/2\/revisions\/130"}],"wp:attachment":[{"href":"https:\/\/sentineladaamazonia.com\/index.php?rest_route=%2Fwp%2Fv2%2Fmedia&parent=2"}],"curies":[{"name":"wp","href":"https:\/\/api.w.org\/{rel}","templated":true}]}}